{"id":3419,"date":"2022-02-11T15:35:34","date_gmt":"2022-02-11T15:35:34","guid":{"rendered":"https:\/\/www.esac.pt\/?page_id=3419"},"modified":"2026-03-23T15:22:05","modified_gmt":"2026-03-23T15:22:05","slug":"reingresso-e-mudanca-de-par-instituicao-curso","status":"publish","type":"page","link":"https:\/\/www.esac.pt\/index.php\/estudar\/candidaturas\/licenciaturas\/reingresso-e-mudanca-de-par-instituicao-curso\/","title":{"rendered":"Mudan\u00e7a de Par Institui\u00e7\u00e3o\/Curso"},"content":{"rendered":"","protected":false},"excerpt":{"rendered":"","protected":false},"author":3,"featured_media":0,"parent":5700,"menu_order":4,"comment_status":"closed","ping_status":"closed","template":"","meta":{"footnotes":""},"class_list":["post-3419","page","type-page","status-publish","hentry"],"_links":{"self":[{"href":"https:\/\/www.esac.pt\/index.php\/wp-json\/wp\/v2\/pages\/3419","targetHints":{"allow":["GET"]}}],"collection":[{"href":"https:\/\/www.esac.pt\/index.php\/wp-json\/wp\/v2\/pages"}],"about":[{"href":"https:\/\/www.esac.pt\/index.php\/wp-json\/wp\/v2\/types\/page"}],"author":[{"embeddable":true,"href":"https:\/\/www.esac.pt\/index.php\/wp-json\/wp\/v2\/users\/3"}],"replies":[{"embeddable":true,"href":"https:\/\/www.esac.pt\/index.php\/wp-json\/wp\/v2\/comments?post=3419"}],"version-history":[{"count":18,"href":"https:\/\/www.esac.pt\/index.php\/wp-json\/wp\/v2\/pages\/3419\/revisions"}],"predecessor-version":[{"id":12468,"href":"https:\/\/www.esac.pt\/index.php\/wp-json\/wp\/v2\/pages\/3419\/revisions\/12468"}],"up":[{"embeddable":true,"href":"https:\/\/www.esac.pt\/index.php\/wp-json\/wp\/v2\/pages\/5700"}],"wp:attachment":[{"href":"https:\/\/www.esac.pt\/index.php\/wp-json\/wp\/v2\/media?parent=3419"}],"curies":[{"name":"wp","href":"https:\/\/api.w.org\/{rel}","templated":true}]}}