{"id":1617,"date":"2021-10-12T11:03:31","date_gmt":"2021-10-12T11:03:31","guid":{"rendered":"https:\/\/www.esac.pt\/?page_id=1617"},"modified":"2022-07-06T09:44:40","modified_gmt":"2022-07-06T09:44:40","slug":"servicos-de-acao-social","status":"publish","type":"page","link":"https:\/\/www.esac.pt\/index.php\/viver\/servicos-de-acao-social\/","title":{"rendered":"Servi\u00e7os de A\u00e7\u00e3o Social"},"content":{"rendered":"","protected":false},"excerpt":{"rendered":"","protected":false},"author":1,"featured_media":0,"parent":1613,"menu_order":4,"comment_status":"closed","ping_status":"closed","template":"","meta":{"footnotes":""},"class_list":["post-1617","page","type-page","status-publish","hentry"],"_links":{"self":[{"href":"https:\/\/www.esac.pt\/index.php\/wp-json\/wp\/v2\/pages\/1617","targetHints":{"allow":["GET"]}}],"collection":[{"href":"https:\/\/www.esac.pt\/index.php\/wp-json\/wp\/v2\/pages"}],"about":[{"href":"https:\/\/www.esac.pt\/index.php\/wp-json\/wp\/v2\/types\/page"}],"author":[{"embeddable":true,"href":"https:\/\/www.esac.pt\/index.php\/wp-json\/wp\/v2\/users\/1"}],"replies":[{"embeddable":true,"href":"https:\/\/www.esac.pt\/index.php\/wp-json\/wp\/v2\/comments?post=1617"}],"version-history":[{"count":0,"href":"https:\/\/www.esac.pt\/index.php\/wp-json\/wp\/v2\/pages\/1617\/revisions"}],"up":[{"embeddable":true,"href":"https:\/\/www.esac.pt\/index.php\/wp-json\/wp\/v2\/pages\/1613"}],"wp:attachment":[{"href":"https:\/\/www.esac.pt\/index.php\/wp-json\/wp\/v2\/media?parent=1617"}],"curies":[{"name":"wp","href":"https:\/\/api.w.org\/{rel}","templated":true}]}}