{"id":1613,"date":"2021-10-12T11:03:11","date_gmt":"2021-10-12T11:03:11","guid":{"rendered":"https:\/\/www.esac.pt\/?page_id=1613"},"modified":"2025-06-04T10:56:15","modified_gmt":"2025-06-04T10:56:15","slug":"viver","status":"publish","type":"page","link":"https:\/\/www.esac.pt\/index.php\/viver\/","title":{"rendered":"Ofertas de Emprego e Informa\u00e7\u00f5es \u00dateis"},"content":{"rendered":"","protected":false},"excerpt":{"rendered":"","protected":false},"author":1,"featured_media":0,"parent":0,"menu_order":0,"comment_status":"closed","ping_status":"closed","template":"","meta":{"footnotes":""},"class_list":["post-1613","page","type-page","status-publish","hentry"],"_links":{"self":[{"href":"https:\/\/www.esac.pt\/index.php\/wp-json\/wp\/v2\/pages\/1613","targetHints":{"allow":["GET"]}}],"collection":[{"href":"https:\/\/www.esac.pt\/index.php\/wp-json\/wp\/v2\/pages"}],"about":[{"href":"https:\/\/www.esac.pt\/index.php\/wp-json\/wp\/v2\/types\/page"}],"author":[{"embeddable":true,"href":"https:\/\/www.esac.pt\/index.php\/wp-json\/wp\/v2\/users\/1"}],"replies":[{"embeddable":true,"href":"https:\/\/www.esac.pt\/index.php\/wp-json\/wp\/v2\/comments?post=1613"}],"version-history":[{"count":5,"href":"https:\/\/www.esac.pt\/index.php\/wp-json\/wp\/v2\/pages\/1613\/revisions"}],"predecessor-version":[{"id":11125,"href":"https:\/\/www.esac.pt\/index.php\/wp-json\/wp\/v2\/pages\/1613\/revisions\/11125"}],"wp:attachment":[{"href":"https:\/\/www.esac.pt\/index.php\/wp-json\/wp\/v2\/media?parent=1613"}],"curies":[{"name":"wp","href":"https:\/\/api.w.org\/{rel}","templated":true}]}}