{"id":10863,"date":"2025-03-26T16:16:36","date_gmt":"2025-03-26T16:16:36","guid":{"rendered":"https:\/\/www.esac.pt\/?page_id=10863"},"modified":"2025-03-26T16:16:36","modified_gmt":"2025-03-26T16:16:36","slug":"avaliacao-de-desempenho-de-nao-docentes","status":"publish","type":"page","link":"https:\/\/www.esac.pt\/index.php\/a-esac\/recursos-humanos\/avaliacao-de-desempenho-de-nao-docentes\/","title":{"rendered":"Avalia\u00e7\u00e3o de desempenho de n\u00e3o docentes"},"content":{"rendered":"","protected":false},"excerpt":{"rendered":"","protected":false},"author":3,"featured_media":0,"parent":249,"menu_order":5,"comment_status":"closed","ping_status":"closed","template":"","meta":{"footnotes":""},"class_list":["post-10863","page","type-page","status-publish","hentry"],"_links":{"self":[{"href":"https:\/\/www.esac.pt\/index.php\/wp-json\/wp\/v2\/pages\/10863","targetHints":{"allow":["GET"]}}],"collection":[{"href":"https:\/\/www.esac.pt\/index.php\/wp-json\/wp\/v2\/pages"}],"about":[{"href":"https:\/\/www.esac.pt\/index.php\/wp-json\/wp\/v2\/types\/page"}],"author":[{"embeddable":true,"href":"https:\/\/www.esac.pt\/index.php\/wp-json\/wp\/v2\/users\/3"}],"replies":[{"embeddable":true,"href":"https:\/\/www.esac.pt\/index.php\/wp-json\/wp\/v2\/comments?post=10863"}],"version-history":[{"count":1,"href":"https:\/\/www.esac.pt\/index.php\/wp-json\/wp\/v2\/pages\/10863\/revisions"}],"predecessor-version":[{"id":10866,"href":"https:\/\/www.esac.pt\/index.php\/wp-json\/wp\/v2\/pages\/10863\/revisions\/10866"}],"up":[{"embeddable":true,"href":"https:\/\/www.esac.pt\/index.php\/wp-json\/wp\/v2\/pages\/249"}],"wp:attachment":[{"href":"https:\/\/www.esac.pt\/index.php\/wp-json\/wp\/v2\/media?parent=10863"}],"curies":[{"name":"wp","href":"https:\/\/api.w.org\/{rel}","templated":true}]}}